{"id":17,"date":"2014-01-10T13:47:59","date_gmt":"2014-01-10T13:47:59","guid":{"rendered":"http:\/\/casepafe.org.br\/?page_id=17"},"modified":"2021-07-19T02:05:09","modified_gmt":"2021-07-19T02:05:09","slug":"colaboradores","status":"publish","type":"page","link":"https:\/\/casepafe.org.br\/?page_id=17","title":{"rendered":"Nossa Hist\u00f3ria"},"content":{"rendered":"<p>O Centro de Assist\u00eancia Social Evang\u00e9lico Palavra da F\u00e9 \u2013 CASEPAFE, surgiu a partir do interesse de um grupo de crist\u00e3os de S\u00e3o Jos\u00e9 dos Campos \u2013 SP, liderado pelo pastor Jos\u00e9 Junior de Mendon\u00e7a, que desde 1996 vinha realizando um trabalho leigo de \u201cauxilio social\u201d \u00e0 comunidade da regi\u00e3o leste do munic\u00edpio.<\/p>\n<p>Com a r\u00e1pida amplia\u00e7\u00e3o do trabalho logo vislumbrou-se a possibilidade de organizar-se no local uma Sede Social, onde profissionais volunt\u00e1rios passaram a prestar servi\u00e7o \u00e0 comunidade.<\/p>\n<p>Desta forma, em 04 de maio de 2001 constituiu-se o CASEPAFE, e, em julho de 2002 foram iniciadas as atividades do CECOI-CASEPAFE estabelecendo-se parceria entre o CASEPAFE e a Secretaria Municipal de Educa\u00e7\u00e3o da Prefeitura de S\u00e3o Jos\u00e9 dos Campos. Atendendo inicialmente 15 crian\u00e7as de 0 a 5 anos e 11meses, em pouco tempo o CASEPAFE passou a manter 30 crian\u00e7as em suas depend\u00eancias, oferecendo \u00e0s mesmas educa\u00e7\u00e3o de qualidade, bem como condi\u00e7\u00f5es de cuidados com sua alimenta\u00e7\u00e3o e higiene.<\/p>\n<p>Isto veio a possibilitar que as m\u00e3es pudessem sair para o trabalho, gerando-se assim renda complementar a ser agregada \u00e0 renda familiar.<\/p>\n<p>Em outubro de 2004 iniciou-se o funcionamento do PLANT\u00c3O SOCIAL CASEPAFE \u2013 LESTE, em mar\u00e7o de 2005, o PLANT\u00c3O SOCIAL CASEPAFE \u2013 NORTE, e em abril de 2009 o PLANT\u00c3O SOCIAL JARDIM DA GRANJA, a partir de conv\u00eanios celebrados entre o CASEPAFE e a Secretaria do Desenvolvimento Social de S\u00e3o Jos\u00e9 dos Campos, desenvolvendo a\u00e7\u00f5es de Atendimento Social relativas ao SOSAM-Servi\u00e7o de Orienta\u00e7\u00e3o Social e Atendimento Material, Programa de Atendimento em Domic\u00edlio de Pessoas com Defici\u00eancia e Idosos e Programa Social Alimenta.<\/p>\n<p>Como uma institui\u00e7\u00e3o sem fins lucrativos, o CASEPAFE, prosseguiu ent\u00e3o na realiza\u00e7\u00e3o de seu trabalho em conformidade com a Pol\u00edtica Nacional de Assist\u00eancia Social, visando tornar-se refer\u00eancia em Inclus\u00e3o Social e desenvolvendo para tanto um conjunto integrado de a\u00e7\u00f5es no \u00e2mbito da Prote\u00e7\u00e3o Social B\u00e1sica e Educa\u00e7\u00e3o.<\/p>\n<p>Em 2015, em decorr\u00eancia da reorganiza\u00e7\u00e3o geral de a\u00e7\u00f5es socioassistencias desenvolvidas no munic\u00edpio, o poder p\u00fablico determinou a extin\u00e7\u00e3o de programas e projetos de atendimento social desenvolvidos em parceria com o poder p\u00fablico: SOSAM-Servi\u00e7o de Orienta\u00e7\u00e3o Social e Atendimento Material, Programa de Atendimento em Domic\u00edlio de Pessoas com Defici\u00eancia e Idosos e Programa Social Alimenta.<\/p>\n<p>O CASEPAFE manteve a parceria com a Secretaria Municipal de Educa\u00e7\u00e3o para desenvolvimento do projeto educacional CECOI-CASEPAFE e iniciou o Projeto CADASTRO \u00daNICO-BOLSA FAM\u00cdLIA em parceria com a Secretaria Municipal de Desenvolvimento Social.<\/p>\n<ul>\n<li><strong>P\u00fablico alvo<\/strong>: Crian\u00e7as, indiv\u00edduos e fam\u00edlias de comunidades que vivem em situa\u00e7\u00e3o de vulnerabilidade social, com pouco ou nenhum acesso aos servi\u00e7os p\u00fablicos, residente em 42 dos mais carentes bairros de S\u00e3o Jos\u00e9 dos Campos.<\/li>\n<li><strong>Situa\u00e7\u00f5es abordadas<\/strong>: Falta de Seguran\u00e7a Alimentar, Condi\u00e7\u00f5es de Habita\u00e7\u00e3o Subumanas, Desagrega\u00e7\u00e3o Familiar, Viol\u00eancia Dom\u00e9stica, Abuso Sexual, Baixa auto estima, Indiv\u00edduos sem identifica\u00e7\u00e3o legal, dentre outros.<\/li>\n<li><strong>Atendidos<\/strong>: 118 crian\u00e7as de 0 a 5 anos e 11 meses em CRECHE, 2000 fam\u00edlias\/m\u00eas para Atendimento Social no Projeto CADASTRO \u00daNICO-BOLSA FAM\u00cdLIA.<\/li>\n<\/ul>\n","protected":false},"excerpt":{"rendered":"<p>O Centro de Assist\u00eancia Social Evang\u00e9lico Palavra da F\u00e9 \u2013 CASEPAFE, surgiu a partir do interesse de um grupo de crist\u00e3os de S\u00e3o Jos\u00e9 dos Campos \u2013 SP, liderado pelo pastor Jos\u00e9 Junior de Mendon\u00e7a, que desde 1996 vinha realizando um trabalho leigo de \u201cauxilio social\u201d \u00e0 comunidade da regi\u00e3o leste do munic\u00edpio. Com a [&hellip;]<\/p>\n","protected":false},"author":1,"featured_media":0,"parent":0,"menu_order":0,"comment_status":"open","ping_status":"open","template":"","meta":[],"_links":{"self":[{"href":"https:\/\/casepafe.org.br\/index.php?rest_route=\/wp\/v2\/pages\/17"}],"collection":[{"href":"https:\/\/casepafe.org.br\/index.php?rest_route=\/wp\/v2\/pages"}],"about":[{"href":"https:\/\/casepafe.org.br\/index.php?rest_route=\/wp\/v2\/types\/page"}],"author":[{"embeddable":true,"href":"https:\/\/casepafe.org.br\/index.php?rest_route=\/wp\/v2\/users\/1"}],"replies":[{"embeddable":true,"href":"https:\/\/casepafe.org.br\/index.php?rest_route=%2Fwp%2Fv2%2Fcomments&post=17"}],"version-history":[{"count":7,"href":"https:\/\/casepafe.org.br\/index.php?rest_route=\/wp\/v2\/pages\/17\/revisions"}],"predecessor-version":[{"id":786,"href":"https:\/\/casepafe.org.br\/index.php?rest_route=\/wp\/v2\/pages\/17\/revisions\/786"}],"wp:attachment":[{"href":"https:\/\/casepafe.org.br\/index.php?rest_route=%2Fwp%2Fv2%2Fmedia&parent=17"}],"curies":[{"name":"wp","href":"https:\/\/api.w.org\/{rel}","templated":true}]}}