{"id":21,"date":"2014-01-10T13:48:22","date_gmt":"2014-01-10T13:48:22","guid":{"rendered":"http:\/\/casepafe.org.br\/?page_id=21"},"modified":"2021-07-14T23:28:24","modified_gmt":"2021-07-14T23:28:24","slug":"certificacoes","status":"publish","type":"page","link":"https:\/\/casepafe.org.br\/?page_id=21","title":{"rendered":"Projetos"},"content":{"rendered":"<h2>CRECHE &#8211; Educa\u00e7\u00e3o para a Vida<\/h2>\n<h3>CENTRO COMUNIT\u00c1RIO DE CONVIV\u00caNCIA INFANTIL \u2013 CECOI<\/h3>\n<p>Desenvolvimento de processos educativos e a\u00e7\u00f5es de seguran\u00e7a alimentar com \u00eanfase na forma\u00e7\u00e3o de crian\u00e7as para ingresso na Educa\u00e7\u00e3o Infantil.<\/p>\n<p>A Creche-CECOI CASEPAFE atende 118 crian\u00e7as de 0 a 5 anos e 11 meses, oriundas de fam\u00edlias de baixa renda, residentes prioritariamente no Jardim Santa Herm\u00ednia e adjac\u00eancias.<\/p>\n<p>Na unidade da CRECHE-CECOI as crian\u00e7as permanecem de segunda a sexta-feira, das 7 \u00e0s 17 horas e recebem diariamente 5 refei\u00e7\u00f5es devidamente balanceadas e cuidadosamente preparadas.<\/p>\n<p>A perman\u00eancia das crian\u00e7as na Creche possibilita que suas m\u00e3es possam sair de casa para o trabalho de modo a complementar a renda familiar.<\/p>\n","protected":false},"excerpt":{"rendered":"<p>CRECHE &#8211; Educa\u00e7\u00e3o para a Vida CENTRO COMUNIT\u00c1RIO DE CONVIV\u00caNCIA INFANTIL \u2013 CECOI Desenvolvimento de processos educativos e a\u00e7\u00f5es de seguran\u00e7a alimentar com \u00eanfase na forma\u00e7\u00e3o de crian\u00e7as para ingresso na Educa\u00e7\u00e3o Infantil. A Creche-CECOI CASEPAFE atende 118 crian\u00e7as de 0 a 5 anos e 11 meses, oriundas de fam\u00edlias de baixa renda, residentes prioritariamente [&hellip;]<\/p>\n","protected":false},"author":1,"featured_media":0,"parent":0,"menu_order":0,"comment_status":"open","ping_status":"open","template":"","meta":[],"_links":{"self":[{"href":"https:\/\/casepafe.org.br\/index.php?rest_route=\/wp\/v2\/pages\/21"}],"collection":[{"href":"https:\/\/casepafe.org.br\/index.php?rest_route=\/wp\/v2\/pages"}],"about":[{"href":"https:\/\/casepafe.org.br\/index.php?rest_route=\/wp\/v2\/types\/page"}],"author":[{"embeddable":true,"href":"https:\/\/casepafe.org.br\/index.php?rest_route=\/wp\/v2\/users\/1"}],"replies":[{"embeddable":true,"href":"https:\/\/casepafe.org.br\/index.php?rest_route=%2Fwp%2Fv2%2Fcomments&post=21"}],"version-history":[{"count":10,"href":"https:\/\/casepafe.org.br\/index.php?rest_route=\/wp\/v2\/pages\/21\/revisions"}],"predecessor-version":[{"id":618,"href":"https:\/\/casepafe.org.br\/index.php?rest_route=\/wp\/v2\/pages\/21\/revisions\/618"}],"wp:attachment":[{"href":"https:\/\/casepafe.org.br\/index.php?rest_route=%2Fwp%2Fv2%2Fmedia&parent=21"}],"curies":[{"name":"wp","href":"https:\/\/api.w.org\/{rel}","templated":true}]}}