{"id":7,"date":"2014-01-10T13:46:53","date_gmt":"2014-01-10T13:46:53","guid":{"rendered":"http:\/\/casepafe.org.br\/?page_id=7"},"modified":"2021-07-19T02:54:10","modified_gmt":"2021-07-19T02:54:10","slug":"localizacao","status":"publish","type":"page","link":"https:\/\/casepafe.org.br\/?page_id=7","title":{"rendered":"Localiza\u00e7\u00e3o"},"content":{"rendered":"<h3>CRECHE-CECOI<\/h3>\n<p>Rua Pedra do Sol, 1530 \u2013 Jardim Santa Herm\u00ednia<\/p>\n<p>12226-838 &#8211; S\u00e3o Jos\u00e9 dos Campos \u2013 SP<\/p>\n<p>Telefone: (12) 3907.6845<\/p>\n<p>Localiza\u00e7\u00e3o:\u00a0 <a href=\"https:\/\/goo.gl\/maps\/GoAU6Nbr5Hcxf9Zf6\">https:\/\/goo.gl\/maps\/GoAU6Nbr5Hcxf9Zf6<\/a><\/p>\n<h3>UNIDADE JARDIM DA GRANJA<\/h3>\n<p>Rua Raul franco Martins, 616 \u2013 Vila S\u00e3o Benedito<\/p>\n<p>12227-050 S\u00e3o Jos\u00e9 dos Campos \u2013 SP<\/p>\n<p>Telefone: (12) 3923.1702<\/p>\n","protected":false},"excerpt":{"rendered":"<p>CRECHE-CECOI Rua Pedra do Sol, 1530 \u2013 Jardim Santa Herm\u00ednia 12226-838 &#8211; S\u00e3o Jos\u00e9 dos Campos \u2013 SP Telefone: (12) 3907.6845 Localiza\u00e7\u00e3o:\u00a0 https:\/\/goo.gl\/maps\/GoAU6Nbr5Hcxf9Zf6 UNIDADE JARDIM DA GRANJA Rua Raul franco Martins, 616 \u2013 Vila S\u00e3o Benedito 12227-050 S\u00e3o Jos\u00e9 dos Campos \u2013 SP Telefone: (12) 3923.1702<\/p>\n","protected":false},"author":1,"featured_media":0,"parent":0,"menu_order":0,"comment_status":"open","ping_status":"open","template":"","meta":[],"_links":{"self":[{"href":"https:\/\/casepafe.org.br\/index.php?rest_route=\/wp\/v2\/pages\/7"}],"collection":[{"href":"https:\/\/casepafe.org.br\/index.php?rest_route=\/wp\/v2\/pages"}],"about":[{"href":"https:\/\/casepafe.org.br\/index.php?rest_route=\/wp\/v2\/types\/page"}],"author":[{"embeddable":true,"href":"https:\/\/casepafe.org.br\/index.php?rest_route=\/wp\/v2\/users\/1"}],"replies":[{"embeddable":true,"href":"https:\/\/casepafe.org.br\/index.php?rest_route=%2Fwp%2Fv2%2Fcomments&post=7"}],"version-history":[{"count":11,"href":"https:\/\/casepafe.org.br\/index.php?rest_route=\/wp\/v2\/pages\/7\/revisions"}],"predecessor-version":[{"id":798,"href":"https:\/\/casepafe.org.br\/index.php?rest_route=\/wp\/v2\/pages\/7\/revisions\/798"}],"wp:attachment":[{"href":"https:\/\/casepafe.org.br\/index.php?rest_route=%2Fwp%2Fv2%2Fmedia&parent=7"}],"curies":[{"name":"wp","href":"https:\/\/api.w.org\/{rel}","templated":true}]}}